{"id":2283,"date":"2024-04-26T16:25:54","date_gmt":"2024-04-26T14:25:54","guid":{"rendered":"https:\/\/region-plessur.ch\/?page_id=2283"},"modified":"2025-09-23T08:42:15","modified_gmt":"2025-09-23T06:42:15","slug":"betreibungs-und-konkursamt","status":"publish","type":"page","link":"https:\/\/region-plessur.ch\/en\/dienststellen\/betreibungs-und-konkursamt\/","title":{"rendered":"Betreibungs- und Konkursamt"},"content":{"rendered":"<div data-elementor-type=\"wp-page\" data-elementor-id=\"2283\" class=\"elementor elementor-2283\" data-elementor-post-type=\"page\">\n\t\t\t\t<div class=\"elementor-element elementor-element-5783759 e-flex e-con-boxed e-con e-parent\" data-id=\"5783759\" data-element_type=\"container\" data-e-type=\"container\">\n\t\t\t\t\t<div class=\"e-con-inner\">\n\t\t\t\t<div class=\"elementor-element elementor-element-48e83c6 elementor-widget elementor-widget-heading\" data-id=\"48e83c6\" data-element_type=\"widget\" data-e-type=\"widget\" data-widget_type=\"heading.default\">\n\t\t\t\t<div class=\"elementor-widget-container\">\n\t\t\t\t\t<h1 class=\"elementor-heading-title elementor-size-default\">Betreibungs- und Konkursamt<\/h1>\t\t\t\t<\/div>\n\t\t\t\t<\/div>\n\t\t\t\t<div class=\"elementor-element elementor-element-48c42aa elementor-widget elementor-widget-text-editor\" data-id=\"48c42aa\" data-element_type=\"widget\" data-e-type=\"widget\" data-widget_type=\"text-editor.default\">\n\t\t\t\t<div class=\"elementor-widget-container\">\n\t\t\t\t\t\t\t\t\t<p>Das Betreibungs- und Konkursamt der Region Plessur ist zust\u00e4ndig f\u00fcr alle Betreibungs- und Konkursverfahren der Gemeinden Arosa, Chur und Churwalden.&nbsp;<\/p>\n<p><strong>Betreibungsregisterausz\u00fcge<\/strong><br>K\u00f6nnen Sie direkt hier bestellen:<br><strong><a class=\"icms-link-int\" href=\"https:\/\/www.chur.ch\/_rtr\/onlinedienst_96682\" target=\"_blank\" rel=\"noopener\">f\u00fcr&nbsp;nat\u00fcrliche Personen<\/a><br><a class=\"icms-link-int\" href=\"https:\/\/www.chur.ch\/_rtr\/onlinedienst_96688\" target=\"_blank\" rel=\"noopener\">f\u00fcr&nbsp;juristische Personen<\/a><br><a class=\"icms-link-int\" href=\"https:\/\/www.chur.ch\/_rtr\/onlinedienst_114160\" target=\"_blank\" rel=\"noopener\">f\u00fcr Ausz\u00fcge \u00fcber Dritte&nbsp;<\/a><\/strong><\/p>\n<p>Unter folgendem <a href=\"https:\/\/www.chur.ch\/aemter\/9101\" target=\"_blank\" rel=\"noopener\"><strong>Link<\/strong><\/a> finden Sie weitere detaillierte Informationen, Publikationen, Dienstleistungen und wichtige Links zum Thema Betreibung und Konkurs.&nbsp;<\/p>\t\t\t\t\t\t\t\t<\/div>\n\t\t\t\t<\/div>\n\t\t\t\t\t<\/div>\n\t\t\t\t<\/div>\n\t\t<div class=\"elementor-element elementor-element-80236f4 e-con-full e-flex e-con e-parent\" data-id=\"80236f4\" data-element_type=\"container\" data-e-type=\"container\" id=\"geschaeftsstelle\" data-settings=\"{&quot;background_background&quot;:&quot;classic&quot;}\">\n\t\t<div class=\"elementor-element elementor-element-86d6798 e-transform e-flex e-con-boxed e-con e-child\" data-id=\"86d6798\" data-element_type=\"container\" data-e-type=\"container\" data-settings=\"{&quot;background_background&quot;:&quot;gradient&quot;,&quot;_transform_translateY_effect&quot;:{&quot;unit&quot;:&quot;%&quot;,&quot;size&quot;:50,&quot;sizes&quot;:[]},&quot;_transform_translateY_effect_tablet&quot;:{&quot;unit&quot;:&quot;%&quot;,&quot;size&quot;:&quot;&quot;,&quot;sizes&quot;:[]},&quot;_transform_translateY_effect_mobile&quot;:{&quot;unit&quot;:&quot;%&quot;,&quot;size&quot;:&quot;&quot;,&quot;sizes&quot;:[]},&quot;_transform_translateX_effect&quot;:{&quot;unit&quot;:&quot;px&quot;,&quot;size&quot;:&quot;&quot;,&quot;sizes&quot;:[]},&quot;_transform_translateX_effect_widescreen&quot;:{&quot;unit&quot;:&quot;px&quot;,&quot;size&quot;:&quot;&quot;,&quot;sizes&quot;:[]},&quot;_transform_translateX_effect_tablet_extra&quot;:{&quot;unit&quot;:&quot;px&quot;,&quot;size&quot;:&quot;&quot;,&quot;sizes&quot;:[]},&quot;_transform_translateX_effect_tablet&quot;:{&quot;unit&quot;:&quot;px&quot;,&quot;size&quot;:&quot;&quot;,&quot;sizes&quot;:[]},&quot;_transform_translateX_effect_mobile&quot;:{&quot;unit&quot;:&quot;px&quot;,&quot;size&quot;:&quot;&quot;,&quot;sizes&quot;:[]},&quot;_transform_translateY_effect_widescreen&quot;:{&quot;unit&quot;:&quot;px&quot;,&quot;size&quot;:&quot;&quot;,&quot;sizes&quot;:[]},&quot;_transform_translateY_effect_tablet_extra&quot;:{&quot;unit&quot;:&quot;px&quot;,&quot;size&quot;:&quot;&quot;,&quot;sizes&quot;:[]}}\">\n\t\t\t\t\t<div class=\"e-con-inner\">\n\t\t<div class=\"elementor-element elementor-element-d34c3fc e-con-full e-flex e-con e-child\" data-id=\"d34c3fc\" data-element_type=\"container\" data-e-type=\"container\">\n\t\t\t\t<div class=\"elementor-element elementor-element-9e5480f elementor-widget elementor-widget-heading\" data-id=\"9e5480f\" data-element_type=\"widget\" data-e-type=\"widget\" data-widget_type=\"heading.default\">\n\t\t\t\t<div class=\"elementor-widget-container\">\n\t\t\t\t\t<h2 class=\"elementor-heading-title elementor-size-default\">Kontakt<\/h2>\t\t\t\t<\/div>\n\t\t\t\t<\/div>\n\t\t<div class=\"elementor-element elementor-element-0f81e2a e-flex e-con-boxed e-con e-child\" data-id=\"0f81e2a\" data-element_type=\"container\" data-e-type=\"container\">\n\t\t\t\t\t<div class=\"e-con-inner\">\n\t\t<div class=\"elementor-element elementor-element-8da6007 e-flex e-con-boxed e-con e-child\" data-id=\"8da6007\" data-element_type=\"container\" data-e-type=\"container\">\n\t\t\t\t\t<div class=\"e-con-inner\">\n\t\t\t\t<div class=\"elementor-element elementor-element-1dfc674 elementor-widget elementor-widget-heading\" data-id=\"1dfc674\" data-element_type=\"widget\" data-e-type=\"widget\" data-widget_type=\"heading.default\">\n\t\t\t\t<div class=\"elementor-widget-container\">\n\t\t\t\t\t<p class=\"elementor-heading-title elementor-size-default\">Betreibungs- und Konkursamt <\/p>\t\t\t\t<\/div>\n\t\t\t\t<\/div>\n\t\t\t\t<div class=\"elementor-element elementor-element-f51d98d elementor-widget elementor-widget-text-editor\" data-id=\"f51d98d\" data-element_type=\"widget\" data-e-type=\"widget\" data-widget_type=\"text-editor.default\">\n\t\t\t\t<div class=\"elementor-widget-container\">\n\t\t\t\t\t\t\t\t\t<p>Stadthaus, Masanserstrasse 2<br \/>Postfach\u00a0<br \/>7001 Chur<\/p><p>Tel. <a href=\"tel:0812544952\">081 254 49 52 \/ <\/a><a href=\"tel:0812544953\">081 254 49 53<\/a><br \/><a href=\"mailto:bka@chur.ch\">bka@chur.ch<\/a><\/p>\t\t\t\t\t\t\t\t<\/div>\n\t\t\t\t<\/div>\n\t\t\t\t\t<\/div>\n\t\t\t\t<\/div>\n\t\t<div class=\"elementor-element elementor-element-656ec95 e-flex e-con-boxed e-con e-child\" data-id=\"656ec95\" data-element_type=\"container\" data-e-type=\"container\">\n\t\t\t\t\t<div class=\"e-con-inner\">\n\t\t\t\t<div class=\"elementor-element elementor-element-5687836 elementor-widget elementor-widget-heading\" data-id=\"5687836\" data-element_type=\"widget\" data-e-type=\"widget\" data-widget_type=\"heading.default\">\n\t\t\t\t<div class=\"elementor-widget-container\">\n\t\t\t\t\t<p class=\"elementor-heading-title elementor-size-default\">\u00d6ffnungszeiten <br><\/p>\t\t\t\t<\/div>\n\t\t\t\t<\/div>\n\t\t\t\t<div class=\"elementor-element elementor-element-cb26241 elementor-widget elementor-widget-text-editor\" data-id=\"cb26241\" data-element_type=\"widget\" data-e-type=\"widget\" data-widget_type=\"text-editor.default\">\n\t\t\t\t<div class=\"elementor-widget-container\">\n\t\t\t\t\t\t\t\t\t<p>Montag &#8211; Freitag<br \/>08.00 &#8211; 11.30 Uhr<br \/>14.00 &#8211; 16.30 Uhr<\/p><p>Termine ausserhalb der \u00d6ffnungszeiten nach Vereinbarung.<\/p>\t\t\t\t\t\t\t\t<\/div>\n\t\t\t\t<\/div>\n\t\t\t\t\t<\/div>\n\t\t\t\t<\/div>\n\t\t\t\t\t<\/div>\n\t\t\t\t<\/div>\n\t\t\t\t<\/div>\n\t\t\t\t\t<\/div>\n\t\t\t\t<\/div>\n\t\t\t\t<\/div>\n\t\t<div class=\"elementor-element elementor-element-c01896c elementor-hidden-widescreen elementor-hidden-desktop elementor-hidden-tablet_extra elementor-hidden-tablet elementor-hidden-mobile e-flex e-con-boxed e-con e-parent\" data-id=\"c01896c\" data-element_type=\"container\" data-e-type=\"container\">\n\t\t\t\t\t<div class=\"e-con-inner\">\n\t\t<div class=\"elementor-element elementor-element-426c88d e-con-full e-flex e-con e-child\" data-id=\"426c88d\" data-element_type=\"container\" data-e-type=\"container\">\n\t\t\t\t<\/div>\n\t\t\t\t\t<\/div>\n\t\t\t\t<\/div>\n\t\t\t\t<\/div>","protected":false},"excerpt":{"rendered":"<p>Das Betreibungs- und Konkursamt der Region Plessur ist zust\u00e4ndig f\u00fcr alle Betreibungs- und Konkursverfahren der Gemeinden Arosa, Chur und Churwalden.&nbsp; Betreibungsregisterausz\u00fcgeK\u00f6nnen Sie direkt hier bestellen:f\u00fcr&nbsp;nat\u00fcrliche Personenf\u00fcr&nbsp;juristische Personenf\u00fcr Ausz\u00fcge \u00fcber Dritte&nbsp; Unter folgendem Link finden Sie weitere detaillierte Informationen, Publikationen, Dienstleistungen und wichtige Links zum Thema Betreibung und Konkurs.&nbsp; Kontakt Betreibungs- und Konkursamt Stadthaus, Masanserstrasse 2Postfach\u00a07001 [&hellip;]<\/p>\n","protected":false},"author":1,"featured_media":602,"parent":2288,"menu_order":0,"comment_status":"closed","ping_status":"closed","template":"","meta":{"_acf_changed":false,"footnotes":""},"class_list":["post-2283","page","type-page","status-publish","has-post-thumbnail","hentry"],"acf":[],"yoast_head":"<!-- This site is optimized with the Yoast SEO plugin v26.9 - https:\/\/yoast.com\/product\/yoast-seo-wordpress\/ -->\n<title>Betreibungs- und Konkursamt - Region Plessur<\/title>\n<meta name=\"description\" content=\"Das Betreibungs- und Konkursamt der Region Plessur ist zust\u00e4ndig f\u00fcr alle Betreibungs- und Konkursverfahren in der Region.\" \/>\n<meta name=\"robots\" content=\"index, follow, max-snippet:-1, max-image-preview:large, max-video-preview:-1\" \/>\n<link rel=\"canonical\" href=\"https:\/\/region-plessur.ch\/en\/dienststellen\/betreibungs-und-konkursamt\/\" \/>\n<meta property=\"og:locale\" content=\"en_US\" \/>\n<meta property=\"og:type\" content=\"article\" \/>\n<meta property=\"og:title\" content=\"Betreibungs- und Konkursamt - Region Plessur\" \/>\n<meta property=\"og:description\" content=\"Das Betreibungs- und Konkursamt der Region Plessur ist zust\u00e4ndig f\u00fcr alle Betreibungs- und Konkursverfahren in der Region.\" \/>\n<meta property=\"og:url\" content=\"https:\/\/region-plessur.ch\/en\/dienststellen\/betreibungs-und-konkursamt\/\" \/>\n<meta property=\"og:site_name\" content=\"Region Plessur\" \/>\n<meta property=\"article:modified_time\" content=\"2025-09-23T06:42:15+00:00\" \/>\n<meta property=\"og:image\" content=\"https:\/\/region-plessur.ch\/wp-content\/uploads\/2023\/10\/Chur_Hintergrund.png\" \/>\n\t<meta property=\"og:image:width\" content=\"1442\" \/>\n\t<meta property=\"og:image:height\" content=\"911\" \/>\n\t<meta property=\"og:image:type\" content=\"image\/png\" \/>\n<meta name=\"twitter:card\" content=\"summary_large_image\" \/>\n<meta name=\"twitter:label1\" content=\"Est. reading time\" \/>\n\t<meta name=\"twitter:data1\" content=\"1 minute\" \/>\n<script type=\"application\/ld+json\" class=\"yoast-schema-graph\">{\"@context\":\"https:\/\/schema.org\",\"@graph\":[{\"@type\":\"WebPage\",\"@id\":\"https:\/\/region-plessur.ch\/dienststellen\/betreibungs-und-konkursamt\/\",\"url\":\"https:\/\/region-plessur.ch\/dienststellen\/betreibungs-und-konkursamt\/\",\"name\":\"Betreibungs- und Konkursamt - Region Plessur\",\"isPartOf\":{\"@id\":\"https:\/\/region-plessur.ch\/#website\"},\"primaryImageOfPage\":{\"@id\":\"https:\/\/region-plessur.ch\/dienststellen\/betreibungs-und-konkursamt\/#primaryimage\"},\"image\":{\"@id\":\"https:\/\/region-plessur.ch\/dienststellen\/betreibungs-und-konkursamt\/#primaryimage\"},\"thumbnailUrl\":\"https:\/\/region-plessur.ch\/wp-content\/uploads\/2023\/10\/Chur_Hintergrund.png\",\"datePublished\":\"2024-04-26T14:25:54+00:00\",\"dateModified\":\"2025-09-23T06:42:15+00:00\",\"description\":\"Das Betreibungs- und Konkursamt der Region Plessur ist zust\u00e4ndig f\u00fcr alle Betreibungs- und Konkursverfahren in der Region.\",\"breadcrumb\":{\"@id\":\"https:\/\/region-plessur.ch\/dienststellen\/betreibungs-und-konkursamt\/#breadcrumb\"},\"inLanguage\":\"en-US\",\"potentialAction\":[{\"@type\":\"ReadAction\",\"target\":[\"https:\/\/region-plessur.ch\/dienststellen\/betreibungs-und-konkursamt\/\"]}]},{\"@type\":\"ImageObject\",\"inLanguage\":\"en-US\",\"@id\":\"https:\/\/region-plessur.ch\/dienststellen\/betreibungs-und-konkursamt\/#primaryimage\",\"url\":\"https:\/\/region-plessur.ch\/wp-content\/uploads\/2023\/10\/Chur_Hintergrund.png\",\"contentUrl\":\"https:\/\/region-plessur.ch\/wp-content\/uploads\/2023\/10\/Chur_Hintergrund.png\",\"width\":1442,\"height\":911},{\"@type\":\"BreadcrumbList\",\"@id\":\"https:\/\/region-plessur.ch\/dienststellen\/betreibungs-und-konkursamt\/#breadcrumb\",\"itemListElement\":[{\"@type\":\"ListItem\",\"position\":1,\"name\":\"Home\",\"item\":\"https:\/\/region-plessur.ch\/\"},{\"@type\":\"ListItem\",\"position\":2,\"name\":\"Dienststellen\",\"item\":\"https:\/\/region-plessur.ch\/dienststellen\/\"},{\"@type\":\"ListItem\",\"position\":3,\"name\":\"Betreibungs- und Konkursamt\"}]},{\"@type\":\"WebSite\",\"@id\":\"https:\/\/region-plessur.ch\/#website\",\"url\":\"https:\/\/region-plessur.ch\/\",\"name\":\"Region Plessur\",\"description\":\"\",\"publisher\":{\"@id\":\"https:\/\/region-plessur.ch\/#organization\"},\"potentialAction\":[{\"@type\":\"SearchAction\",\"target\":{\"@type\":\"EntryPoint\",\"urlTemplate\":\"https:\/\/region-plessur.ch\/?s={search_term_string}\"},\"query-input\":{\"@type\":\"PropertyValueSpecification\",\"valueRequired\":true,\"valueName\":\"search_term_string\"}}],\"inLanguage\":\"en-US\"},{\"@type\":\"Organization\",\"@id\":\"https:\/\/region-plessur.ch\/#organization\",\"name\":\"Region Plessur\",\"url\":\"https:\/\/region-plessur.ch\/\",\"logo\":{\"@type\":\"ImageObject\",\"inLanguage\":\"en-US\",\"@id\":\"https:\/\/region-plessur.ch\/#\/schema\/logo\/image\/\",\"url\":\"https:\/\/region-plessur.ch\/wp-content\/uploads\/2023\/01\/cropped-region_plessur_logo.jpg\",\"contentUrl\":\"https:\/\/region-plessur.ch\/wp-content\/uploads\/2023\/01\/cropped-region_plessur_logo.jpg\",\"width\":137,\"height\":137,\"caption\":\"Region Plessur\"},\"image\":{\"@id\":\"https:\/\/region-plessur.ch\/#\/schema\/logo\/image\/\"}}]}<\/script>\n<!-- \/ Yoast SEO plugin. -->","yoast_head_json":{"title":"Betreibungs- und Konkursamt - Region Plessur","description":"Das Betreibungs- und Konkursamt der Region Plessur ist zust\u00e4ndig f\u00fcr alle Betreibungs- und Konkursverfahren in der Region.","robots":{"index":"index","follow":"follow","max-snippet":"max-snippet:-1","max-image-preview":"max-image-preview:large","max-video-preview":"max-video-preview:-1"},"canonical":"https:\/\/region-plessur.ch\/en\/dienststellen\/betreibungs-und-konkursamt\/","og_locale":"en_US","og_type":"article","og_title":"Betreibungs- und Konkursamt - Region Plessur","og_description":"Das Betreibungs- und Konkursamt der Region Plessur ist zust\u00e4ndig f\u00fcr alle Betreibungs- und Konkursverfahren in der Region.","og_url":"https:\/\/region-plessur.ch\/en\/dienststellen\/betreibungs-und-konkursamt\/","og_site_name":"Region Plessur","article_modified_time":"2025-09-23T06:42:15+00:00","og_image":[{"width":1442,"height":911,"url":"https:\/\/region-plessur.ch\/wp-content\/uploads\/2023\/10\/Chur_Hintergrund.png","type":"image\/png"}],"twitter_card":"summary_large_image","twitter_misc":{"Est. reading time":"1 minute"},"schema":{"@context":"https:\/\/schema.org","@graph":[{"@type":"WebPage","@id":"https:\/\/region-plessur.ch\/dienststellen\/betreibungs-und-konkursamt\/","url":"https:\/\/region-plessur.ch\/dienststellen\/betreibungs-und-konkursamt\/","name":"Betreibungs- und Konkursamt - Region Plessur","isPartOf":{"@id":"https:\/\/region-plessur.ch\/#website"},"primaryImageOfPage":{"@id":"https:\/\/region-plessur.ch\/dienststellen\/betreibungs-und-konkursamt\/#primaryimage"},"image":{"@id":"https:\/\/region-plessur.ch\/dienststellen\/betreibungs-und-konkursamt\/#primaryimage"},"thumbnailUrl":"https:\/\/region-plessur.ch\/wp-content\/uploads\/2023\/10\/Chur_Hintergrund.png","datePublished":"2024-04-26T14:25:54+00:00","dateModified":"2025-09-23T06:42:15+00:00","description":"Das Betreibungs- und Konkursamt der Region Plessur ist zust\u00e4ndig f\u00fcr alle Betreibungs- und Konkursverfahren in der Region.","breadcrumb":{"@id":"https:\/\/region-plessur.ch\/dienststellen\/betreibungs-und-konkursamt\/#breadcrumb"},"inLanguage":"en-US","potentialAction":[{"@type":"ReadAction","target":["https:\/\/region-plessur.ch\/dienststellen\/betreibungs-und-konkursamt\/"]}]},{"@type":"ImageObject","inLanguage":"en-US","@id":"https:\/\/region-plessur.ch\/dienststellen\/betreibungs-und-konkursamt\/#primaryimage","url":"https:\/\/region-plessur.ch\/wp-content\/uploads\/2023\/10\/Chur_Hintergrund.png","contentUrl":"https:\/\/region-plessur.ch\/wp-content\/uploads\/2023\/10\/Chur_Hintergrund.png","width":1442,"height":911},{"@type":"BreadcrumbList","@id":"https:\/\/region-plessur.ch\/dienststellen\/betreibungs-und-konkursamt\/#breadcrumb","itemListElement":[{"@type":"ListItem","position":1,"name":"Home","item":"https:\/\/region-plessur.ch\/"},{"@type":"ListItem","position":2,"name":"Dienststellen","item":"https:\/\/region-plessur.ch\/dienststellen\/"},{"@type":"ListItem","position":3,"name":"Betreibungs- und Konkursamt"}]},{"@type":"WebSite","@id":"https:\/\/region-plessur.ch\/#website","url":"https:\/\/region-plessur.ch\/","name":"Region Plessur","description":"","publisher":{"@id":"https:\/\/region-plessur.ch\/#organization"},"potentialAction":[{"@type":"SearchAction","target":{"@type":"EntryPoint","urlTemplate":"https:\/\/region-plessur.ch\/?s={search_term_string}"},"query-input":{"@type":"PropertyValueSpecification","valueRequired":true,"valueName":"search_term_string"}}],"inLanguage":"en-US"},{"@type":"Organization","@id":"https:\/\/region-plessur.ch\/#organization","name":"Region Plessur","url":"https:\/\/region-plessur.ch\/","logo":{"@type":"ImageObject","inLanguage":"en-US","@id":"https:\/\/region-plessur.ch\/#\/schema\/logo\/image\/","url":"https:\/\/region-plessur.ch\/wp-content\/uploads\/2023\/01\/cropped-region_plessur_logo.jpg","contentUrl":"https:\/\/region-plessur.ch\/wp-content\/uploads\/2023\/01\/cropped-region_plessur_logo.jpg","width":137,"height":137,"caption":"Region Plessur"},"image":{"@id":"https:\/\/region-plessur.ch\/#\/schema\/logo\/image\/"}}]}},"_links":{"self":[{"href":"https:\/\/region-plessur.ch\/en\/wp-json\/wp\/v2\/pages\/2283","targetHints":{"allow":["GET"]}}],"collection":[{"href":"https:\/\/region-plessur.ch\/en\/wp-json\/wp\/v2\/pages"}],"about":[{"href":"https:\/\/region-plessur.ch\/en\/wp-json\/wp\/v2\/types\/page"}],"author":[{"embeddable":true,"href":"https:\/\/region-plessur.ch\/en\/wp-json\/wp\/v2\/users\/1"}],"replies":[{"embeddable":true,"href":"https:\/\/region-plessur.ch\/en\/wp-json\/wp\/v2\/comments?post=2283"}],"version-history":[{"count":42,"href":"https:\/\/region-plessur.ch\/en\/wp-json\/wp\/v2\/pages\/2283\/revisions"}],"predecessor-version":[{"id":3937,"href":"https:\/\/region-plessur.ch\/en\/wp-json\/wp\/v2\/pages\/2283\/revisions\/3937"}],"up":[{"embeddable":true,"href":"https:\/\/region-plessur.ch\/en\/wp-json\/wp\/v2\/pages\/2288"}],"wp:featuredmedia":[{"embeddable":true,"href":"https:\/\/region-plessur.ch\/en\/wp-json\/wp\/v2\/media\/602"}],"wp:attachment":[{"href":"https:\/\/region-plessur.ch\/en\/wp-json\/wp\/v2\/media?parent=2283"}],"curies":[{"name":"wp","href":"https:\/\/api.w.org\/{rel}","templated":true}]}}